{"id":98,"date":"2018-08-23T15:05:08","date_gmt":"2018-08-23T15:05:08","guid":{"rendered":"http:\/\/extendthemes.com\/demos\/mesmerize-pro-coaching\/mesmerize-pro\/"},"modified":"2025-10-10T08:14:56","modified_gmt":"2025-10-10T08:14:56","slug":"anasayfa","status":"publish","type":"page","link":"https:\/\/www.ayansfilter.com\/tr\/","title":{"rendered":"Anasayfa"},"content":{"rendered":"<div  data-label=\"Subscribe\" data-id=\"subscribe--1\" data-export-id=\"subscribe-centered-section\" data-category=\"subscribe\" class=\"subscribe-centered-section content-section content-section-spacing-medium bg-color5 white-text content-relative\" id=\"subscribe-1\" style=\"background-image: url(&quot;https:\/\/www.ayansfilter.com\/tr\/wp-content\/uploads\/2025\/07\/back22.png&quot;); background-color: rgba(226, 6, 26, 0.992); background-size: cover; background-position: center top;\" data-section-ov=\"1\"><div  class=\"section-separator-top\">\n    <svg  class=\"section-separator-top\" data-separator-name=\"triangle-asymmetrical-negative\" preserveAspectRatio=\"none\" viewBox=\"0 0 1000 100\" xmlns=\"http:\/\/www.w3.org\/2000\/svg\">\n        <path  class=\"svg-white-bg\" d=\"M737.9,94.7L0,0v100h1000V0L737.9,94.7z\"><\/path>\n    <\/svg>\n<\/div><div  class=\"gridContainer\"> <div  class=\"row text-center\"><div  class=\"section-title-col\" data-type=\"column\"> <h2  class=\"\">\u00dcr\u00fcn Ad\u0131 \/ Oem Numaras\u0131 ile..<\/h2> <p  class=\"\">T\u00fcm Ara\u00e7 , Marka ve Modellere g\u00f6re \u00dcr\u00fcn Arama Yapabilirsiniz. Sizlere En iyi sonu\u00e7lar\u0131 verece\u011fine biz eminiz..<\/p><\/div> <\/div> <div  class=\"row text-center\"> <div  data-content-shortcode=\"mesmerize_subscribe_form shortcode=&quot;ivory-search id=&amp;amp;quot;212&amp;amp;quot; title=&amp;amp;quot;Default Search Form&amp;amp;quot;&quot;\" data-editable=\"true\"><div class=\"subscribe-form\"><form  class=\"is-search-form is-form-style is-form-style-3 is-form-id-212 \" action=\"https:\/\/www.ayansfilter.com\/tr\/\" method=\"get\" role=\"search\" ><label for=\"is-search-input-212\"><span class=\"is-screen-reader-text\">Bu:<\/span><input  type=\"search\" id=\"is-search-input-212\" name=\"s\" value=\"\" class=\"is-search-input\" placeholder=\"Ara\u00e7 Marka \/ Model\" autocomplete=off \/><\/label><button type=\"submit\" class=\"is-search-submit\"><span class=\"is-screen-reader-text\">Search Button<\/span><span class=\"is-search-icon\"><svg focusable=\"false\" aria-label=\"Search\" xmlns=\"http:\/\/www.w3.org\/2000\/svg\" viewBox=\"0 0 24 24\" width=\"24px\"><path d=\"M15.5 14h-.79l-.28-.27C15.41 12.59 16 11.11 16 9.5 16 5.91 13.09 3 9.5 3S3 5.91 3 9.5 5.91 16 9.5 16c1.61 0 3.09-.59 4.23-1.57l.27.28v.79l5 4.99L20.49 19l-4.99-5zm-6 0C7.01 14 5 11.99 5 9.5S7.01 5 9.5 5 14 7.01 14 9.5 11.99 14 9.5 14z\"><\/path><\/svg><\/span><\/button><input type=\"hidden\" name=\"id\" value=\"212\" \/><\/form><\/div><\/div><\/div> <\/div><div  class=\"section-separator-bottom\">\n    <svg  class=\"section-separator-bottom\" data-separator-name=\"triangle-asymmetrical-negative\" preserveAspectRatio=\"none\" viewBox=\"0 0 1000 100\" xmlns=\"http:\/\/www.w3.org\/2000\/svg\">\n        <path  class=\"svg-white-bg\" d=\"M737.9,94.7L0,0v100h1000V0L737.9,94.7z\"><\/path>\n    <\/svg>\n<\/div><\/div><div  data-label=\"About\" data-id=\"about--1\" data-export-id=\"about-4\" data-category=\"about\" class=\"about-4 content-section content-section-spacing\" id=\"about-1\" style=\"background-color: rgb(255, 255, 255);\"><div  class=\"gridContainer\"> <div  class=\"row middle-sm text-center\"><div  class=\"col-sm-5 space-bottom-xs\" data-type=\"column\"> <h5  class=\"\">AYANS F\u0130LTER K\u0130MD\u0130R ?<\/h5> <h2  class=\"\"><span  style=\"font-weight: 700;\" href=\"#\">T\u00fcm Marka Ta\u015f\u0131tlara&nbsp;<\/span><span  style=\"font-family: Playfair Display,sans-serif; font-weight: 700; font-style: italic;\" href=\"#\">AyansFiltre<\/span> ile h\u0131zl\u0131 \u00e7\u00f6z\u00fcm sa\u011fl\u0131yoruz.<\/h2> <p  class=\"\">Hakk\u0131m\u0131zda gelecek !<\/p> <a  class=\"button color1\" href=\"#\" target=\"_self\" data-cp-link=\"1\" data-icon=\"\">Detaylar..<\/a><\/div> <div  class=\"col-sm-7 flexbox center-xs middle-xs image-group-2-img\"> <img  decoding=\"async\" class=\"img-1 shadow-large\" data-size=\"250x200\" src=\"https:\/\/ayansfilter.com\/tr\/wp-content\/plugins\/mesmerize-companion\/theme-data\/mesmerize\/sections\/images\/apple-1838564.jpg\"> <img  decoding=\"async\" class=\"img-2 shadow-large\" data-size=\"220x170\" src=\"https:\/\/ayansfilter.com\/tr\/wp-content\/plugins\/mesmerize-companion\/theme-data\/mesmerize\/sections\/images\/computer-2569652.jpg\"><\/div> <\/div><\/div> <\/div>","protected":false},"excerpt":{"rendered":"<p>\u00dcr\u00fcn Ad\u0131 \/ Oem Numaras\u0131 ile.. T\u00fcm Ara\u00e7 , Marka ve Modellere g\u00f6re \u00dcr\u00fcn Arama Yapabilirsiniz. Sizlere En iyi sonu\u00e7lar\u0131 verece\u011fine biz eminiz.. AYANS F\u0130LTER K\u0130MD\u0130R ? T\u00fcm Marka Ta\u015f\u0131tlara&nbsp;AyansFiltre ile h\u0131zl\u0131 \u00e7\u00f6z\u00fcm sa\u011fl\u0131yoruz. Hakk\u0131m\u0131zda gelecek ! Detaylar..<\/p>\n","protected":false},"author":1,"featured_media":0,"parent":0,"menu_order":0,"comment_status":"closed","ping_status":"closed","template":"page-templates\/homepage.php","meta":{"footnotes":""},"class_list":["post-98","page","type-page","status-publish","hentry"],"_links":{"self":[{"href":"https:\/\/www.ayansfilter.com\/tr\/wp-json\/wp\/v2\/pages\/98","targetHints":{"allow":["GET"]}}],"collection":[{"href":"https:\/\/www.ayansfilter.com\/tr\/wp-json\/wp\/v2\/pages"}],"about":[{"href":"https:\/\/www.ayansfilter.com\/tr\/wp-json\/wp\/v2\/types\/page"}],"author":[{"embeddable":true,"href":"https:\/\/www.ayansfilter.com\/tr\/wp-json\/wp\/v2\/users\/1"}],"replies":[{"embeddable":true,"href":"https:\/\/www.ayansfilter.com\/tr\/wp-json\/wp\/v2\/comments?post=98"}],"version-history":[{"count":15,"href":"https:\/\/www.ayansfilter.com\/tr\/wp-json\/wp\/v2\/pages\/98\/revisions"}],"predecessor-version":[{"id":428,"href":"https:\/\/www.ayansfilter.com\/tr\/wp-json\/wp\/v2\/pages\/98\/revisions\/428"}],"wp:attachment":[{"href":"https:\/\/www.ayansfilter.com\/tr\/wp-json\/wp\/v2\/media?parent=98"}],"curies":[{"name":"wp","href":"https:\/\/api.w.org\/{rel}","templated":true}]}}