{"id":501,"date":"2025-08-04T13:01:54","date_gmt":"2025-08-04T13:01:54","guid":{"rendered":"https:\/\/www.ayansfilter.com\/tr\/?page_id=501"},"modified":"2025-08-04T13:11:39","modified_gmt":"2025-08-04T13:11:39","slug":"aktif-karbon-kagidi","status":"publish","type":"page","link":"https:\/\/www.ayansfilter.com\/tr\/aktif-karbon-kagidi","title":{"rendered":"Aktif Karbon Ka\u011f\u0131d\u0131"},"content":{"rendered":"<div  data-label=\"About\" data-id=\"about--1\" data-export-id=\"about-image-text\" data-category=\"about\" class=\"about-image-text content-section content-section-spacing\" id=\"about-1\" style=\"background-color: rgb(255, 255, 255);\"><div  class=\"gridContainer\"> <div  class=\"row\"><div  class=\"col-sm-6 flexbox-strech center-xs middle-xs no-gutter-col\"> <div  class=\"shadow-large overlap-right-large flexbox middle-xs center-xs left-img\" data-bg=\"image\" style=\"background-image: url(&quot;https:\/\/www.ayansfilter.com\/tr\/wp-content\/uploads\/2025\/08\/cropped-aktif-karbon-1.jpg&quot;);\"><\/div><\/div> <div  class=\"col-sm-6 space-bottom-xs col-padding-small-xs col-sm-padding-large bg-color5 white-text content-col\" data-type=\"column\"><h5  class=\"\">Aktif Karbon Nedir ?<\/h5>  <p  class=\"\">ayg\u0131n olarak kullan\u0131lan end\u00fcstriyel adsorbanlar aras\u0131nda \u00e7evre kirlili\u011fini kontrol alt\u0131na almak amac\u0131yla, \u015fu anda kullan\u0131lan adsorbanlar\u0131n en \u00f6nemlisi, y\u00fcksek g\u00f6zenekli yap\u0131s\u0131 ile aktif karbonlard\u0131r. Aktif karbon; odun, k\u00f6m\u00fcr, hindistan cevizi kabu\u011fu, f\u0131nd\u0131k, ceviz ve kay\u0131s\u0131 kabu\u011fu gibi \u00fcr\u00fcnlerden elde edilebilir. Bu \u00fcr\u00fcnlerin \u00e7e\u015fitli i\u015flemlerden ge\u00e7irilerek aktive edilmesiyle elde edilirler. Aktif karbon \u00fcr\u00fcn\u00fc toz, gran\u00fcl yada pelet tip olarak teknik \u00f6zelliklerine ve kullan\u0131m tipine ba\u011fl\u0131 olarak, madencilikten, su filtrasyonuna, mutfak aspirat\u00f6rlerinden, havaland\u0131rma filtrelerine kadar bir \u00e7ok alanda kullan\u0131labilir.<\/p><\/div> <\/div><\/div> <\/div><div  data-label=\"About\" data-id=\"about--2\" data-export-id=\"about-text-image\" data-category=\"about\" class=\"about-text-image content-section content-section-spacing\" id=\"about-2\" style=\"background-color: rgb(255, 255, 255); background-image: none;\"><div  class=\"gridContainer\"> <div  class=\"row\"><div  class=\"col-sm-6 col-padding-small-xs col-sm-padding-large bg-color5 white-text content-col\" data-type=\"column\"> <h5  class=\"\">AKT\u0130F KARBON K\u00c2\u011eIDI NED\u0130R?<\/h5>  <p  class=\"\">De\u011fi\u015fik \u00f6zellikteki ta\u015f\u0131y\u0131c\u0131 kuma\u015flar\u0131n (alt ve \u00fcst) aras\u0131na aktif karbon gran\u00fcllerinin homojen da\u011f\u0131l\u0131m\u0131yla elde edilen bir hava filtrasyonu k\u00e2\u011f\u0131d\u0131d\u0131r. Toz, bitki polenleri ve alerjenleri yakalamakla kalmaz i\u00e7inden ge\u00e7en havan\u0131n i\u00e7indeki zararl\u0131 gazlar\u0131, k\u00f6t\u00fc kokular\u0131 da yakalayarak hapseder. De\u011fi\u015fik kullan\u0131m alanlar\u0131na sahip olup \u00e7e\u015fitli hava filtreleri yap\u0131m\u0131nda kullan\u0131labilir.<br >\nAktif karbon k\u00e2\u011f\u0131d\u0131n\u0131n gaz molek\u00fcllerini yakalama ve tutma \u00f6zelli\u011fi vard\u0131r. Aktif karbon k\u00e2\u011f\u0131d\u0131n\u0131n y\u00fczeyi milyonlarca ufak g\u00f6zenekten olu\u015fmaktad\u0131r. Bu g\u00f6zenekler sayesinde k\u00f6t\u00fc koku yayan ve zehirli olan gazlar yakalan\u0131r.<\/p><\/div> <div  class=\"col-sm-6 flexbox-strech center-xs middle-xs no-gutter-col\"><div  class=\"shadow-large overlap-left-large flexbox middle-xs center-xs right-img\" data-bg=\"image\" style=\"background-image: url(&quot;https:\/\/www.ayansfilter.com\/tr\/wp-content\/uploads\/2025\/08\/cropped-aktif-karbon-2.jpg&quot;);\"><\/div><\/div> <\/div><\/div> <\/div>","protected":false},"excerpt":{"rendered":"<p>Aktif Karbon Nedir ? ayg\u0131n olarak kullan\u0131lan end\u00fcstriyel adsorbanlar aras\u0131nda \u00e7evre kirlili\u011fini kontrol alt\u0131na almak amac\u0131yla, \u015fu anda kullan\u0131lan adsorbanlar\u0131n en \u00f6nemlisi, y\u00fcksek g\u00f6zenekli yap\u0131s\u0131 ile aktif karbonlard\u0131r. Aktif karbon; odun, k\u00f6m\u00fcr, hindistan cevizi kabu\u011fu, f\u0131nd\u0131k, ceviz ve kay\u0131s\u0131 kabu\u011fu gibi \u00fcr\u00fcnlerden elde edilebilir. Bu \u00fcr\u00fcnlerin \u00e7e\u015fitli i\u015flemlerden ge\u00e7irilerek aktive edilmesiyle elde edilirler. Aktif karbon&hellip; <br \/> <a class=\"read-more\" href=\"https:\/\/www.ayansfilter.com\/tr\/aktif-karbon-kagidi\">Read more<\/a><\/p>\n","protected":false},"author":1,"featured_media":0,"parent":0,"menu_order":0,"comment_status":"closed","ping_status":"closed","template":"pro\/page-templates\/full-width-page.php","meta":{"footnotes":""},"class_list":["post-501","page","type-page","status-publish","hentry"],"_links":{"self":[{"href":"https:\/\/www.ayansfilter.com\/tr\/wp-json\/wp\/v2\/pages\/501","targetHints":{"allow":["GET"]}}],"collection":[{"href":"https:\/\/www.ayansfilter.com\/tr\/wp-json\/wp\/v2\/pages"}],"about":[{"href":"https:\/\/www.ayansfilter.com\/tr\/wp-json\/wp\/v2\/types\/page"}],"author":[{"embeddable":true,"href":"https:\/\/www.ayansfilter.com\/tr\/wp-json\/wp\/v2\/users\/1"}],"replies":[{"embeddable":true,"href":"https:\/\/www.ayansfilter.com\/tr\/wp-json\/wp\/v2\/comments?post=501"}],"version-history":[{"count":4,"href":"https:\/\/www.ayansfilter.com\/tr\/wp-json\/wp\/v2\/pages\/501\/revisions"}],"predecessor-version":[{"id":512,"href":"https:\/\/www.ayansfilter.com\/tr\/wp-json\/wp\/v2\/pages\/501\/revisions\/512"}],"wp:attachment":[{"href":"https:\/\/www.ayansfilter.com\/tr\/wp-json\/wp\/v2\/media?parent=501"}],"curies":[{"name":"wp","href":"https:\/\/api.w.org\/{rel}","templated":true}]}}