{"id":361,"date":"2025-07-23T10:59:45","date_gmt":"2025-07-23T10:59:45","guid":{"rendered":"https:\/\/www.ayansfilter.com\/tr\/?page_id=361"},"modified":"2025-07-23T10:59:45","modified_gmt":"2025-07-23T10:59:45","slug":"turk-traktor","status":"publish","type":"page","link":"https:\/\/www.ayansfilter.com\/tr\/arac-marka-ve-model-filtre-cesitleri\/turk-traktor","title":{"rendered":"T\u00dcRK TRAKT\u00d6R"},"content":{"rendered":"<p>T\u00dcRK TRAKT\u00d6R<\/p>\n","protected":false},"excerpt":{"rendered":"<p>T\u00dcRK TRAKT\u00d6R<\/p>\n","protected":false},"author":1,"featured_media":0,"parent":231,"menu_order":0,"comment_status":"closed","ping_status":"closed","template":"","meta":{"footnotes":""},"class_list":["post-361","page","type-page","status-publish","hentry"],"_links":{"self":[{"href":"https:\/\/www.ayansfilter.com\/tr\/wp-json\/wp\/v2\/pages\/361","targetHints":{"allow":["GET"]}}],"collection":[{"href":"https:\/\/www.ayansfilter.com\/tr\/wp-json\/wp\/v2\/pages"}],"about":[{"href":"https:\/\/www.ayansfilter.com\/tr\/wp-json\/wp\/v2\/types\/page"}],"author":[{"embeddable":true,"href":"https:\/\/www.ayansfilter.com\/tr\/wp-json\/wp\/v2\/users\/1"}],"replies":[{"embeddable":true,"href":"https:\/\/www.ayansfilter.com\/tr\/wp-json\/wp\/v2\/comments?post=361"}],"version-history":[{"count":1,"href":"https:\/\/www.ayansfilter.com\/tr\/wp-json\/wp\/v2\/pages\/361\/revisions"}],"predecessor-version":[{"id":362,"href":"https:\/\/www.ayansfilter.com\/tr\/wp-json\/wp\/v2\/pages\/361\/revisions\/362"}],"up":[{"embeddable":true,"href":"https:\/\/www.ayansfilter.com\/tr\/wp-json\/wp\/v2\/pages\/231"}],"wp:attachment":[{"href":"https:\/\/www.ayansfilter.com\/tr\/wp-json\/wp\/v2\/media?parent=361"}],"curies":[{"name":"wp","href":"https:\/\/api.w.org\/{rel}","templated":true}]}}