{"id":240,"date":"2025-07-23T10:50:55","date_gmt":"2025-07-23T10:50:55","guid":{"rendered":"https:\/\/www.ayansfilter.com\/tr\/?page_id=240"},"modified":"2025-07-30T09:31:59","modified_gmt":"2025-07-30T09:31:59","slug":"bmc","status":"publish","type":"page","link":"https:\/\/www.ayansfilter.com\/tr\/arac-marka-ve-model-filtre-cesitleri\/bmc","title":{"rendered":"BMC"},"content":{"rendered":"<div id=\"portfolio-1\" class=\"portfolio-5 content-section content-section-spacing\" style=\"background-color: #ffffff;\" data-label=\"Portfolio\" data-id=\"portfolio--1\" data-export-id=\"portfolio-5\" data-category=\"portfolio\">\n<div class=\"gridContainer\">\n<div class=\"row text-center\">\n<div class=\"section-title-col\" data-type=\"column\">\n<h2 class=\"\">Hava <span style=\"color: #e2061a;\">Filtreleri.<\/span><\/h2>\n<p class=\"lead\">Kategori A\u00e7\u0131klamalar\u0131 gelecek !<\/p>\n<\/div>\n<\/div>\n<div class=\"row space-bottom spaced-cols\" data-type=\"row\">\n<div class=\"col-xs-12 col-sm-4 text-center\">\n<div class=\"card no-padding bordered\">\n<div class=\"contentswap-effect\" data-hover-fx=\"portfolio-6\">\n<div class=\"initial-image\"><img decoding=\"async\" src=\"https:\/\/ayansfilter.com\/tr\/wp-content\/plugins\/mesmerize-companion\/theme-data\/mesmerize\/sections\/images\/computer-2569652.jpg\" data-size=\"500x333\" \/><\/div>\n<div class=\"overlay bg-color1\"><\/div>\n<div class=\"swap-inner col-xs-12\">\n<div class=\"row full-height-row middle-xs middle-sm\">\n<div class=\"col-xs-12 text-center content-holder\"><a class=\"button small color2\" href=\"#\">Read More<\/a><\/div>\n<\/div>\n<\/div>\n<\/div>\n<div class=\"col-xs-12\">\n<div class=\"space-bottom space-top\" data-type=\"column\">\n<h5 class=\"\">Project Name<\/h5>\n<p class=\"small italic\">Lorem ipsum dolor sit amet, consectetur adipiscing elit, sed do eiusmod tempor incididunt ut labore<\/p>\n<\/div>\n<\/div>\n<\/div>\n<\/div>\n<div class=\"col-xs-12 col-sm-4 text-center\">\n<div class=\"card no-padding bordered\">\n<div class=\"contentswap-effect\" data-hover-fx=\"portfolio-6\">\n<div class=\"initial-image\"><img decoding=\"async\" src=\"https:\/\/ayansfilter.com\/tr\/wp-content\/plugins\/mesmerize-companion\/theme-data\/mesmerize\/sections\/images\/apple-1838564.jpg\" data-size=\"500x333\" \/><\/div>\n<div class=\"overlay bg-color1\"><\/div>\n<div class=\"swap-inner col-xs-12\">\n<div class=\"row full-height-row middle-xs middle-sm\">\n<div class=\"col-xs-12 text-center content-holder\"><a class=\"button small color2\" href=\"#\">Read More<\/a><\/div>\n<\/div>\n<\/div>\n<\/div>\n<div class=\"col-xs-12\">\n<div class=\"space-bottom space-top\" data-type=\"column\">\n<h5 class=\"\">Project Name<\/h5>\n<p class=\"small italic\">Lorem ipsum dolor sit amet, consectetur adipiscing elit, sed do eiusmod tempor incididunt ut labore<\/p>\n<\/div>\n<\/div>\n<\/div>\n<\/div>\n<div class=\"col-xs-12 col-sm-4 text-center\">\n<div class=\"card no-padding bordered\">\n<div class=\"contentswap-effect\" data-hover-fx=\"portfolio-6\">\n<div class=\"initial-image\"><img decoding=\"async\" src=\"https:\/\/ayansfilter.com\/tr\/wp-content\/plugins\/mesmerize-companion\/theme-data\/mesmerize\/sections\/images\/laptop-2559795.jpg\" data-size=\"500x333\" \/><\/div>\n<div class=\"overlay bg-color1\"><\/div>\n<div class=\"swap-inner col-xs-12\">\n<div class=\"row full-height-row middle-xs middle-sm\">\n<div class=\"col-xs-12 text-center content-holder\"><a class=\"button small color2\" href=\"#\">Read More<\/a><\/div>\n<\/div>\n<\/div>\n<\/div>\n<div class=\"col-xs-12\">\n<div class=\"space-bottom space-top\" data-type=\"column\">\n<h5 class=\"\">Project Name<\/h5>\n<p class=\"small italic\">Lorem ipsum dolor sit amet, consectetur adipiscing elit, sed do eiusmod tempor incididunt ut labore<\/p>\n<\/div>\n<\/div>\n<\/div>\n<\/div>\n<\/div>\n<div class=\"row\">\n<div class=\"col-xs-12 text-center\" data-type=\"column\"><\/div>\n<\/div>\n<\/div>\n<\/div>\n<div id=\"portfolio-2\" class=\"portfolio-5 content-section content-section-spacing\" style=\"background-color: #eeeeee; background-image: none;\" data-label=\"Portfolio\" data-id=\"portfolio--2\" data-export-id=\"portfolio-5\" data-category=\"portfolio\">\n<div class=\"gridContainer\">\n<div class=\"row text-center\">\n<div class=\"section-title-col\" data-type=\"column\">\n<h2 class=\"\">Polen <span style=\"color: #e2061a;\">Filtreleri<\/span><\/h2>\n<p class=\"lead\">Kategori A\u00e7\u0131klamalar\u0131 gelecek !<\/p>\n<\/div>\n<\/div>\n<div class=\"row space-bottom spaced-cols\" data-type=\"row\">\n<div class=\"col-xs-12 col-sm-4 text-center\">\n<div class=\"card no-padding bordered\">\n<div class=\"contentswap-effect\" data-hover-fx=\"portfolio-6\">\n<div class=\"initial-image\"><img decoding=\"async\" src=\"https:\/\/ayansfilter.com\/tr\/wp-content\/plugins\/mesmerize-companion\/theme-data\/mesmerize\/sections\/images\/computer-2569652.jpg\" data-size=\"500x333\" \/><\/div>\n<div class=\"overlay bg-color6\"><\/div>\n<div class=\"swap-inner col-xs-12\">\n<div class=\"row full-height-row middle-xs middle-sm\">\n<div class=\"col-xs-12 text-center content-holder\"><a class=\"button small color2\" href=\"#\">Read More<\/a><\/div>\n<\/div>\n<\/div>\n<\/div>\n<div class=\"col-xs-12\">\n<div class=\"space-bottom space-top\" data-type=\"column\">\n<h5 class=\"\">Project Name<\/h5>\n<p class=\"small italic\">Lorem ipsum dolor sit amet, consectetur adipiscing elit, sed do eiusmod tempor incididunt ut labore<\/p>\n<\/div>\n<\/div>\n<\/div>\n<\/div>\n<div class=\"col-xs-12 col-sm-4 text-center\">\n<div class=\"card no-padding bordered\">\n<div class=\"contentswap-effect\" data-hover-fx=\"portfolio-6\">\n<div class=\"initial-image\"><img decoding=\"async\" src=\"https:\/\/ayansfilter.com\/tr\/wp-content\/plugins\/mesmerize-companion\/theme-data\/mesmerize\/sections\/images\/apple-1838564.jpg\" data-size=\"500x333\" \/><\/div>\n<div class=\"overlay bg-color6\"><\/div>\n<div class=\"swap-inner col-xs-12\">\n<div class=\"row full-height-row middle-xs middle-sm\">\n<div class=\"col-xs-12 text-center content-holder\"><a class=\"button small color2\" href=\"#\">Read More<\/a><\/div>\n<\/div>\n<\/div>\n<\/div>\n<div class=\"col-xs-12\">\n<div class=\"space-bottom space-top\" data-type=\"column\">\n<h5 class=\"\">Project Name<\/h5>\n<p class=\"small italic\">Lorem ipsum dolor sit amet, consectetur adipiscing elit, sed do eiusmod tempor incididunt ut labore<\/p>\n<\/div>\n<\/div>\n<\/div>\n<\/div>\n<div class=\"col-xs-12 col-sm-4 text-center\">\n<div class=\"card no-padding bordered\">\n<div class=\"contentswap-effect\" data-hover-fx=\"portfolio-6\">\n<div class=\"initial-image\"><img decoding=\"async\" src=\"https:\/\/ayansfilter.com\/tr\/wp-content\/plugins\/mesmerize-companion\/theme-data\/mesmerize\/sections\/images\/laptop-2559795.jpg\" data-size=\"500x333\" \/><\/div>\n<div class=\"overlay bg-color6\"><\/div>\n<div class=\"swap-inner col-xs-12\">\n<div class=\"row full-height-row middle-xs middle-sm\">\n<div class=\"col-xs-12 text-center content-holder\"><a class=\"button small color2\" href=\"#\">Read More<\/a><\/div>\n<\/div>\n<\/div>\n<\/div>\n<div class=\"col-xs-12\">\n<div class=\"space-bottom space-top\" data-type=\"column\">\n<h5 class=\"\">Project Name<\/h5>\n<p class=\"small italic\">Lorem ipsum dolor sit amet, consectetur adipiscing elit, sed do eiusmod tempor incididunt ut labore<\/p>\n<\/div>\n<\/div>\n<\/div>\n<\/div>\n<\/div>\n<div class=\"row\">\n<div class=\"col-xs-12 text-center\" data-type=\"column\"><\/div>\n<\/div>\n<\/div>\n<\/div>\n<div id=\"portfolio-3\" class=\"portfolio-5 content-section content-section-spacing\" style=\"background-color: #ffffff;\" data-label=\"Portfolio\" data-id=\"portfolio--3\" data-export-id=\"portfolio-5\" data-category=\"portfolio\">\n<div class=\"gridContainer\">\n<div class=\"row text-center\">\n<div class=\"section-title-col\" data-type=\"column\">\n<h2 class=\"\">Ya\u011f <span style=\"color: #e2061a;\">Filtreleri<\/span><\/h2>\n<p class=\"lead\">Kategori A\u00e7\u0131klamalar\u0131 gelecek !<\/p>\n<\/div>\n<\/div>\n<div class=\"row space-bottom spaced-cols\" data-type=\"row\">\n<div class=\"col-xs-12 col-sm-4 text-center\">\n<div class=\"card no-padding bordered\">\n<div class=\"contentswap-effect\" data-hover-fx=\"portfolio-6\">\n<div class=\"initial-image\"><img decoding=\"async\" src=\"https:\/\/ayansfilter.com\/tr\/wp-content\/plugins\/mesmerize-companion\/theme-data\/mesmerize\/sections\/images\/computer-2569652.jpg\" data-size=\"500x333\" \/><\/div>\n<div class=\"overlay bg-color6\"><\/div>\n<div class=\"swap-inner col-xs-12\">\n<div class=\"row full-height-row middle-xs middle-sm\">\n<div class=\"col-xs-12 text-center content-holder\"><a class=\"button small color1\" href=\"#\" target=\"_self\" data-cp-link=\"1\" data-icon=\"\">Read More<\/a><\/div>\n<\/div>\n<\/div>\n<\/div>\n<div class=\"col-xs-12\">\n<div class=\"space-bottom space-top\" data-type=\"column\">\n<h5 class=\"\">Project Name<\/h5>\n<p class=\"small italic\">Lorem ipsum dolor sit amet, consectetur adipiscing elit, sed do eiusmod tempor incididunt ut labore<\/p>\n<\/div>\n<\/div>\n<\/div>\n<\/div>\n<div class=\"col-xs-12 col-sm-4 text-center\">\n<div class=\"card no-padding bordered\">\n<div class=\"contentswap-effect\" data-hover-fx=\"portfolio-6\">\n<div class=\"initial-image\"><img decoding=\"async\" src=\"https:\/\/ayansfilter.com\/tr\/wp-content\/plugins\/mesmerize-companion\/theme-data\/mesmerize\/sections\/images\/apple-1838564.jpg\" data-size=\"500x333\" \/><\/div>\n<div class=\"overlay bg-color6\"><\/div>\n<div class=\"swap-inner col-xs-12\">\n<div class=\"row full-height-row middle-xs middle-sm\">\n<div class=\"col-xs-12 text-center content-holder\"><a class=\"button small color1\" href=\"#\" target=\"_self\" data-cp-link=\"1\" data-icon=\"\">Read More<\/a><\/div>\n<\/div>\n<\/div>\n<\/div>\n<div class=\"col-xs-12\">\n<div class=\"space-bottom space-top\" data-type=\"column\">\n<h5 class=\"\">Project Name<\/h5>\n<p class=\"small italic\">Lorem ipsum dolor sit amet, consectetur adipiscing elit, sed do eiusmod tempor incididunt ut labore<\/p>\n<\/div>\n<\/div>\n<\/div>\n<\/div>\n<div class=\"col-xs-12 col-sm-4 text-center\">\n<div class=\"card no-padding bordered\">\n<div class=\"contentswap-effect\" data-hover-fx=\"portfolio-6\">\n<div class=\"initial-image\"><img decoding=\"async\" src=\"https:\/\/ayansfilter.com\/tr\/wp-content\/plugins\/mesmerize-companion\/theme-data\/mesmerize\/sections\/images\/laptop-2559795.jpg\" data-size=\"500x333\" \/><\/div>\n<div class=\"overlay bg-color6\"><\/div>\n<div class=\"swap-inner col-xs-12\">\n<div class=\"row full-height-row middle-xs middle-sm\">\n<div class=\"col-xs-12 text-center content-holder\"><a class=\"button small color1\" href=\"#\" target=\"_self\" data-cp-link=\"1\" data-icon=\"\">Read More<\/a><\/div>\n<\/div>\n<\/div>\n<\/div>\n<div class=\"col-xs-12\">\n<div class=\"space-bottom space-top\" data-type=\"column\">\n<h5 class=\"\">Project Name<\/h5>\n<p class=\"small italic\">Lorem ipsum dolor sit amet, consectetur adipiscing elit, sed do eiusmod tempor incididunt ut labore<\/p>\n<\/div>\n<\/div>\n<\/div>\n<\/div>\n<\/div>\n<div class=\"row\">\n<div class=\"col-xs-12 text-center\" data-type=\"column\"><\/div>\n<\/div>\n<\/div>\n<\/div>\n<div id=\"portfolio-4\" class=\"portfolio-5 content-section content-section-spacing\" style=\"background-color: #eeeeee; background-image: none;\" data-label=\"Portfolio\" data-id=\"portfolio--4\" data-export-id=\"portfolio-5\" data-category=\"portfolio\">\n<div class=\"gridContainer\">\n<div class=\"row text-center\">\n<div class=\"section-title-col\" data-type=\"column\">\n<h2 class=\"\">Yak\u0131t <span style=\"color: #e2061a;\">Filtreleri<\/span><\/h2>\n<p class=\"lead\">Kategori A\u00e7\u0131klamalar\u0131 gelecek !<\/p>\n<\/div>\n<\/div>\n<div class=\"row space-bottom spaced-cols\" data-type=\"row\">\n<div class=\"col-xs-12 col-sm-4 text-center\">\n<div class=\"card no-padding bordered\">\n<div class=\"contentswap-effect\" data-hover-fx=\"portfolio-6\">\n<div class=\"initial-image\"><img decoding=\"async\" src=\"https:\/\/ayansfilter.com\/tr\/wp-content\/plugins\/mesmerize-companion\/theme-data\/mesmerize\/sections\/images\/computer-2569652.jpg\" data-size=\"500x333\" \/><\/div>\n<div class=\"overlay bg-color1\"><\/div>\n<div class=\"swap-inner col-xs-12\">\n<div class=\"row full-height-row middle-xs middle-sm\">\n<div class=\"col-xs-12 text-center content-holder\"><a class=\"button small color2\" href=\"#\">Read More<\/a><\/div>\n<\/div>\n<\/div>\n<\/div>\n<div class=\"col-xs-12\">\n<div class=\"space-bottom space-top\" data-type=\"column\">\n<h5 class=\"\">Project Name<\/h5>\n<p class=\"small italic\">Lorem ipsum dolor sit amet, consectetur adipiscing elit, sed do eiusmod tempor incididunt ut labore<\/p>\n<\/div>\n<\/div>\n<\/div>\n<\/div>\n<div class=\"col-xs-12 col-sm-4 text-center\">\n<div class=\"card no-padding bordered\">\n<div class=\"contentswap-effect\" data-hover-fx=\"portfolio-6\">\n<div class=\"initial-image\"><img decoding=\"async\" src=\"https:\/\/ayansfilter.com\/tr\/wp-content\/plugins\/mesmerize-companion\/theme-data\/mesmerize\/sections\/images\/apple-1838564.jpg\" data-size=\"500x333\" \/><\/div>\n<div class=\"overlay bg-color1\"><\/div>\n<div class=\"swap-inner col-xs-12\">\n<div class=\"row full-height-row middle-xs middle-sm\">\n<div class=\"col-xs-12 text-center content-holder\"><a class=\"button small color2\" href=\"#\">Read More<\/a><\/div>\n<\/div>\n<\/div>\n<\/div>\n<div class=\"col-xs-12\">\n<div class=\"space-bottom space-top\" data-type=\"column\">\n<h5 class=\"\">Project Name<\/h5>\n<p class=\"small italic\">Lorem ipsum dolor sit amet, consectetur adipiscing elit, sed do eiusmod tempor incididunt ut labore<\/p>\n<\/div>\n<\/div>\n<\/div>\n<\/div>\n<div class=\"col-xs-12 col-sm-4 text-center\">\n<div class=\"card no-padding bordered\">\n<div class=\"contentswap-effect\" data-hover-fx=\"portfolio-6\">\n<div class=\"initial-image\"><img decoding=\"async\" src=\"https:\/\/ayansfilter.com\/tr\/wp-content\/plugins\/mesmerize-companion\/theme-data\/mesmerize\/sections\/images\/laptop-2559795.jpg\" data-size=\"500x333\" \/><\/div>\n<div class=\"overlay bg-color1\"><\/div>\n<div class=\"swap-inner col-xs-12\">\n<div class=\"row full-height-row middle-xs middle-sm\">\n<div class=\"col-xs-12 text-center content-holder\"><a class=\"button small color2\" href=\"#\">Read More<\/a><\/div>\n<\/div>\n<\/div>\n<\/div>\n<div class=\"col-xs-12\">\n<div class=\"space-bottom space-top\" data-type=\"column\">\n<h5 class=\"\">Project Name<\/h5>\n<p class=\"small italic\">Lorem ipsum dolor sit amet, consectetur adipiscing elit, sed do eiusmod tempor incididunt ut labore<\/p>\n<\/div>\n<\/div>\n<\/div>\n<\/div>\n<\/div>\n<div class=\"row\">\n<div class=\"col-xs-12 text-center\" data-type=\"column\"><\/div>\n<\/div>\n<\/div>\n<\/div>\n","protected":false},"excerpt":{"rendered":"<p>Hava Filtreleri. Kategori A\u00e7\u0131klamalar\u0131 gelecek ! Read More Project Name Lorem ipsum dolor sit amet, consectetur adipiscing elit, sed do eiusmod tempor incididunt ut labore Read More Project Name Lorem ipsum dolor sit amet, consectetur adipiscing elit, sed do eiusmod tempor incididunt ut labore Read More Project Name Lorem ipsum dolor sit amet, consectetur adipiscing&hellip; <br \/> <a class=\"read-more\" href=\"https:\/\/www.ayansfilter.com\/tr\/arac-marka-ve-model-filtre-cesitleri\/bmc\">Read more<\/a><\/p>\n","protected":false},"author":1,"featured_media":0,"parent":231,"menu_order":0,"comment_status":"closed","ping_status":"closed","template":"","meta":{"footnotes":""},"class_list":["post-240","page","type-page","status-publish","hentry"],"_links":{"self":[{"href":"https:\/\/www.ayansfilter.com\/tr\/wp-json\/wp\/v2\/pages\/240","targetHints":{"allow":["GET"]}}],"collection":[{"href":"https:\/\/www.ayansfilter.com\/tr\/wp-json\/wp\/v2\/pages"}],"about":[{"href":"https:\/\/www.ayansfilter.com\/tr\/wp-json\/wp\/v2\/types\/page"}],"author":[{"embeddable":true,"href":"https:\/\/www.ayansfilter.com\/tr\/wp-json\/wp\/v2\/users\/1"}],"replies":[{"embeddable":true,"href":"https:\/\/www.ayansfilter.com\/tr\/wp-json\/wp\/v2\/comments?post=240"}],"version-history":[{"count":3,"href":"https:\/\/www.ayansfilter.com\/tr\/wp-json\/wp\/v2\/pages\/240\/revisions"}],"predecessor-version":[{"id":476,"href":"https:\/\/www.ayansfilter.com\/tr\/wp-json\/wp\/v2\/pages\/240\/revisions\/476"}],"up":[{"embeddable":true,"href":"https:\/\/www.ayansfilter.com\/tr\/wp-json\/wp\/v2\/pages\/231"}],"wp:attachment":[{"href":"https:\/\/www.ayansfilter.com\/tr\/wp-json\/wp\/v2\/media?parent=240"}],"curies":[{"name":"wp","href":"https:\/\/api.w.org\/{rel}","templated":true}]}}