{"id":229,"date":"2025-07-23T10:48:48","date_gmt":"2025-07-23T10:48:48","guid":{"rendered":"https:\/\/www.ayansfilter.com\/tr\/?page_id=229"},"modified":"2025-07-30T09:06:33","modified_gmt":"2025-07-30T09:06:33","slug":"alfa-romeo","status":"publish","type":"page","link":"https:\/\/www.ayansfilter.com\/tr\/arac-marka-ve-model-filtre-cesitleri\/alfa-romeo","title":{"rendered":"ALFA ROMEO"},"content":{"rendered":"<div data-label=\"Portfolio\" data-id=\"portfolio--1\" data-export-id=\"portfolio-5\" data-category=\"portfolio\" class=\"portfolio-5 content-section content-section-spacing\" id=\"portfolio-1\" style=\"background-color: #ffffff;\">\r\n<div class=\"gridContainer\">\r\n<div class=\"row text-center\">\r\n<div class=\"section-title-col\" data-type=\"column\">\r\n<h2 class=\"\">Hava <span style=\"color: #e2061a;\">Filtreleri<\/span><\/h2>\r\n<p class=\"lead\">Kategori A\u00e7\u0131klamalar\u0131 gelecek !<\/p>\r\n\r\n<\/div>\r\n<\/div>\r\n<div class=\"row space-bottom spaced-cols\" data-type=\"row\">\r\n<div class=\"col-xs-12 col-sm-4 text-center\">\r\n<div class=\"card no-padding bordered\">\r\n<div data-hover-fx=\"portfolio-6\" class=\"contentswap-effect\">\r\n<div class=\"initial-image\"><img decoding=\"async\" data-size=\"500x333\" src=\"https:\/\/ayansfilter.com\/tr\/wp-content\/plugins\/mesmerize-companion\/theme-data\/mesmerize\/sections\/images\/computer-2569652.jpg\" \/><\/div>\r\n<div class=\"overlay bg-color1\"><\/div>\r\n<div class=\"swap-inner col-xs-12\">\r\n<div class=\"row full-height-row middle-xs middle-sm\">\r\n<div class=\"col-xs-12 text-center content-holder\"><a class=\"button small color2\" href=\"#\">Read More<\/a><\/div>\r\n<\/div>\r\n<\/div>\r\n<\/div>\r\n<div class=\"col-xs-12\">\r\n<div class=\"space-bottom space-top\" data-type=\"column\">\r\n<h5 class=\"\">Project Name<\/h5>\r\n<p class=\"small italic\">Lorem ipsum dolor sit amet, consectetur adipiscing elit, sed do eiusmod tempor incididunt ut labore<\/p>\r\n\r\n<\/div>\r\n<\/div>\r\n<\/div>\r\n<\/div>\r\n<div class=\"col-xs-12 col-sm-4 text-center\">\r\n<div class=\"card no-padding bordered\">\r\n<div data-hover-fx=\"portfolio-6\" class=\"contentswap-effect\">\r\n<div class=\"initial-image\"><img decoding=\"async\" data-size=\"500x333\" src=\"https:\/\/ayansfilter.com\/tr\/wp-content\/plugins\/mesmerize-companion\/theme-data\/mesmerize\/sections\/images\/apple-1838564.jpg\" \/><\/div>\r\n<div class=\"overlay bg-color1\"><\/div>\r\n<div class=\"swap-inner col-xs-12\">\r\n<div class=\"row full-height-row middle-xs middle-sm\">\r\n<div class=\"col-xs-12 text-center content-holder\"><a class=\"button small color2\" href=\"#\">Read More<\/a><\/div>\r\n<\/div>\r\n<\/div>\r\n<\/div>\r\n<div class=\"col-xs-12\">\r\n<div class=\"space-bottom space-top\" data-type=\"column\">\r\n<h5 class=\"\">Project Name<\/h5>\r\n<p class=\"small italic\">Lorem ipsum dolor sit amet, consectetur adipiscing elit, sed do eiusmod tempor incididunt ut labore<\/p>\r\n\r\n<\/div>\r\n<\/div>\r\n<\/div>\r\n<\/div>\r\n<div class=\"col-xs-12 col-sm-4 text-center\">\r\n<div class=\"card no-padding bordered\">\r\n<div data-hover-fx=\"portfolio-6\" class=\"contentswap-effect\">\r\n<div class=\"initial-image\"><img decoding=\"async\" data-size=\"500x333\" src=\"https:\/\/ayansfilter.com\/tr\/wp-content\/plugins\/mesmerize-companion\/theme-data\/mesmerize\/sections\/images\/laptop-2559795.jpg\" \/><\/div>\r\n<div class=\"overlay bg-color1\"><\/div>\r\n<div class=\"swap-inner col-xs-12\">\r\n<div class=\"row full-height-row middle-xs middle-sm\">\r\n<div class=\"col-xs-12 text-center content-holder\"><a class=\"button small color2\" href=\"#\">Read More<\/a><\/div>\r\n<\/div>\r\n<\/div>\r\n<\/div>\r\n<div class=\"col-xs-12\">\r\n<div class=\"space-bottom space-top\" data-type=\"column\">\r\n<h5 class=\"\">Project Name<\/h5>\r\n<p class=\"small italic\">Lorem ipsum dolor sit amet, consectetur adipiscing elit, sed do eiusmod tempor incididunt ut labore<\/p>\r\n\r\n<\/div>\r\n<\/div>\r\n<\/div>\r\n<\/div>\r\n<\/div>\r\n<div class=\"row\">\r\n<div data-type=\"column\" class=\"col-xs-12 text-center\"><\/div>\r\n<\/div>\r\n<\/div>\r\n<\/div>\r\n<div data-label=\"Portfolio\" data-id=\"portfolio--2\" data-export-id=\"portfolio-5\" data-category=\"portfolio\" class=\"portfolio-5 content-section content-section-spacing\" id=\"portfolio-2\" style=\"background-color: #eeeeee; background-image: none;\">\r\n<div class=\"gridContainer\">\r\n<div class=\"row text-center\">\r\n<div class=\"section-title-col\" data-type=\"column\">\r\n<h2 class=\"\">Polen <span style=\"color: #e2061a;\">Filtreleri<\/span><\/h2>\r\n<p class=\"lead\">Kategori A\u00e7\u0131klamalar\u0131 gelecek !<\/p>\r\n\r\n<\/div>\r\n<\/div>\r\n<div class=\"row space-bottom spaced-cols\" data-type=\"row\">\r\n<div class=\"col-xs-12 col-sm-4 text-center\">\r\n<div class=\"card no-padding bordered\">\r\n<div data-hover-fx=\"portfolio-6\" class=\"contentswap-effect\">\r\n<div class=\"initial-image\"><img decoding=\"async\" data-size=\"500x333\" src=\"https:\/\/ayansfilter.com\/tr\/wp-content\/plugins\/mesmerize-companion\/theme-data\/mesmerize\/sections\/images\/computer-2569652.jpg\" \/><\/div>\r\n<div class=\"overlay bg-color6\"><\/div>\r\n<div class=\"swap-inner col-xs-12\">\r\n<div class=\"row full-height-row middle-xs middle-sm\">\r\n<div class=\"col-xs-12 text-center content-holder\"><a class=\"button small color2\" href=\"#\">Read More<\/a><\/div>\r\n<\/div>\r\n<\/div>\r\n<\/div>\r\n<div class=\"col-xs-12\">\r\n<div class=\"space-bottom space-top\" data-type=\"column\">\r\n<h5 class=\"\">Project Name<\/h5>\r\n<p class=\"small italic\">Lorem ipsum dolor sit amet, consectetur adipiscing elit, sed do eiusmod tempor incididunt ut labore<\/p>\r\n\r\n<\/div>\r\n<\/div>\r\n<\/div>\r\n<\/div>\r\n<div class=\"col-xs-12 col-sm-4 text-center\">\r\n<div class=\"card no-padding bordered\">\r\n<div data-hover-fx=\"portfolio-6\" class=\"contentswap-effect\">\r\n<div class=\"initial-image\"><img decoding=\"async\" data-size=\"500x333\" src=\"https:\/\/ayansfilter.com\/tr\/wp-content\/plugins\/mesmerize-companion\/theme-data\/mesmerize\/sections\/images\/apple-1838564.jpg\" \/><\/div>\r\n<div class=\"overlay bg-color6\"><\/div>\r\n<div class=\"swap-inner col-xs-12\">\r\n<div class=\"row full-height-row middle-xs middle-sm\">\r\n<div class=\"col-xs-12 text-center content-holder\"><a class=\"button small color2\" href=\"#\">Read More<\/a><\/div>\r\n<\/div>\r\n<\/div>\r\n<\/div>\r\n<div class=\"col-xs-12\">\r\n<div class=\"space-bottom space-top\" data-type=\"column\">\r\n<h5 class=\"\">Project Name<\/h5>\r\n<p class=\"small italic\">Lorem ipsum dolor sit amet, consectetur adipiscing elit, sed do eiusmod tempor incididunt ut labore<\/p>\r\n\r\n<\/div>\r\n<\/div>\r\n<\/div>\r\n<\/div>\r\n<div class=\"col-xs-12 col-sm-4 text-center\">\r\n<div class=\"card no-padding bordered\">\r\n<div data-hover-fx=\"portfolio-6\" class=\"contentswap-effect\">\r\n<div class=\"initial-image\"><img decoding=\"async\" data-size=\"500x333\" src=\"https:\/\/ayansfilter.com\/tr\/wp-content\/plugins\/mesmerize-companion\/theme-data\/mesmerize\/sections\/images\/laptop-2559795.jpg\" \/><\/div>\r\n<div class=\"overlay bg-color6\"><\/div>\r\n<div class=\"swap-inner col-xs-12\">\r\n<div class=\"row full-height-row middle-xs middle-sm\">\r\n<div class=\"col-xs-12 text-center content-holder\"><a class=\"button small color2\" href=\"#\">Read More<\/a><\/div>\r\n<\/div>\r\n<\/div>\r\n<\/div>\r\n<div class=\"col-xs-12\">\r\n<div class=\"space-bottom space-top\" data-type=\"column\">\r\n<h5 class=\"\">Project Name<\/h5>\r\n<p class=\"small italic\">Lorem ipsum dolor sit amet, consectetur adipiscing elit, sed do eiusmod tempor incididunt ut labore<\/p>\r\n\r\n<\/div>\r\n<\/div>\r\n<\/div>\r\n<\/div>\r\n<\/div>\r\n<div class=\"row\">\r\n<div data-type=\"column\" class=\"col-xs-12 text-center\"><\/div>\r\n<\/div>\r\n<\/div>\r\n<\/div>\r\n<div data-label=\"Portfolio\" data-id=\"portfolio--3\" data-export-id=\"portfolio-5\" data-category=\"portfolio\" class=\"portfolio-5 content-section content-section-spacing\" id=\"portfolio-3\" style=\"background-color: #ffffff;\">\r\n<div class=\"gridContainer\">\r\n<div class=\"row text-center\">\r\n<div class=\"section-title-col\" data-type=\"column\">\r\n<h2 class=\"\">Ya\u011f <span style=\"color: #e2061a;\">Filtreleri<\/span><\/h2>\r\n<p class=\"lead\">Kategori A\u00e7\u0131klamalar\u0131 gelecek !<\/p>\r\n\r\n<\/div>\r\n<\/div>\r\n<div class=\"row space-bottom spaced-cols\" data-type=\"row\">\r\n<div class=\"col-xs-12 col-sm-4 text-center\">\r\n<div class=\"card no-padding bordered\">\r\n<div data-hover-fx=\"portfolio-6\" class=\"contentswap-effect\">\r\n<div class=\"initial-image\"><img decoding=\"async\" data-size=\"500x333\" src=\"https:\/\/ayansfilter.com\/tr\/wp-content\/plugins\/mesmerize-companion\/theme-data\/mesmerize\/sections\/images\/computer-2569652.jpg\" \/><\/div>\r\n<div class=\"overlay bg-color6\"><\/div>\r\n<div class=\"swap-inner col-xs-12\">\r\n<div class=\"row full-height-row middle-xs middle-sm\">\r\n<div class=\"col-xs-12 text-center content-holder\"><a class=\"button small color1\" href=\"#\" target=\"_self\" data-cp-link=\"1\" data-icon=\"\">Read More<\/a><\/div>\r\n<\/div>\r\n<\/div>\r\n<\/div>\r\n<div class=\"col-xs-12\">\r\n<div class=\"space-bottom space-top\" data-type=\"column\">\r\n<h5 class=\"\">Project Name<\/h5>\r\n<p class=\"small italic\">Lorem ipsum dolor sit amet, consectetur adipiscing elit, sed do eiusmod tempor incididunt ut labore<\/p>\r\n\r\n<\/div>\r\n<\/div>\r\n<\/div>\r\n<\/div>\r\n<div class=\"col-xs-12 col-sm-4 text-center\">\r\n<div class=\"card no-padding bordered\">\r\n<div data-hover-fx=\"portfolio-6\" class=\"contentswap-effect\">\r\n<div class=\"initial-image\"><img decoding=\"async\" data-size=\"500x333\" src=\"https:\/\/ayansfilter.com\/tr\/wp-content\/plugins\/mesmerize-companion\/theme-data\/mesmerize\/sections\/images\/apple-1838564.jpg\" \/><\/div>\r\n<div class=\"overlay bg-color6\"><\/div>\r\n<div class=\"swap-inner col-xs-12\">\r\n<div class=\"row full-height-row middle-xs middle-sm\">\r\n<div class=\"col-xs-12 text-center content-holder\"><a class=\"button small color1\" href=\"#\" target=\"_self\" data-cp-link=\"1\" data-icon=\"\">Read More<\/a><\/div>\r\n<\/div>\r\n<\/div>\r\n<\/div>\r\n<div class=\"col-xs-12\">\r\n<div class=\"space-bottom space-top\" data-type=\"column\">\r\n<h5 class=\"\">Project Name<\/h5>\r\n<p class=\"small italic\">Lorem ipsum dolor sit amet, consectetur adipiscing elit, sed do eiusmod tempor incididunt ut labore<\/p>\r\n\r\n<\/div>\r\n<\/div>\r\n<\/div>\r\n<\/div>\r\n<div class=\"col-xs-12 col-sm-4 text-center\">\r\n<div class=\"card no-padding bordered\">\r\n<div data-hover-fx=\"portfolio-6\" class=\"contentswap-effect\">\r\n<div class=\"initial-image\"><img decoding=\"async\" data-size=\"500x333\" src=\"https:\/\/ayansfilter.com\/tr\/wp-content\/plugins\/mesmerize-companion\/theme-data\/mesmerize\/sections\/images\/laptop-2559795.jpg\" \/><\/div>\r\n<div class=\"overlay bg-color6\"><\/div>\r\n<div class=\"swap-inner col-xs-12\">\r\n<div class=\"row full-height-row middle-xs middle-sm\">\r\n<div class=\"col-xs-12 text-center content-holder\"><a class=\"button small color1\" href=\"#\" target=\"_self\" data-cp-link=\"1\" data-icon=\"\">Read More<\/a><\/div>\r\n<\/div>\r\n<\/div>\r\n<\/div>\r\n<div class=\"col-xs-12\">\r\n<div class=\"space-bottom space-top\" data-type=\"column\">\r\n<h5 class=\"\">Project Name<\/h5>\r\n<p class=\"small italic\">Lorem ipsum dolor sit amet, consectetur adipiscing elit, sed do eiusmod tempor incididunt ut labore<\/p>\r\n\r\n<\/div>\r\n<\/div>\r\n<\/div>\r\n<\/div>\r\n<\/div>\r\n<div class=\"row\">\r\n<div data-type=\"column\" class=\"col-xs-12 text-center\"><\/div>\r\n<\/div>\r\n<\/div>\r\n<\/div>\r\n<div data-label=\"Portfolio\" data-id=\"portfolio--4\" data-export-id=\"portfolio-5\" data-category=\"portfolio\" class=\"portfolio-5 content-section content-section-spacing\" id=\"portfolio-4\" style=\"background-color: #eeeeee; background-image: none;\">\r\n<div class=\"gridContainer\">\r\n<div class=\"row text-center\">\r\n<div class=\"section-title-col\" data-type=\"column\">\r\n<h2 class=\"\">Yak\u0131t <span style=\"color: #e2061a;\">Filtreleri<\/span><\/h2>\r\n<p class=\"lead\">Kategori A\u00e7\u0131klamalar\u0131 gelecek !<\/p>\r\n\r\n<\/div>\r\n<\/div>\r\n<div class=\"row space-bottom spaced-cols\" data-type=\"row\">\r\n<div class=\"col-xs-12 col-sm-4 text-center\">\r\n<div class=\"card no-padding bordered\">\r\n<div data-hover-fx=\"portfolio-6\" class=\"contentswap-effect\">\r\n<div class=\"initial-image\"><img decoding=\"async\" data-size=\"500x333\" src=\"https:\/\/ayansfilter.com\/tr\/wp-content\/plugins\/mesmerize-companion\/theme-data\/mesmerize\/sections\/images\/computer-2569652.jpg\" \/><\/div>\r\n<div class=\"overlay bg-color1\"><\/div>\r\n<div class=\"swap-inner col-xs-12\">\r\n<div class=\"row full-height-row middle-xs middle-sm\">\r\n<div class=\"col-xs-12 text-center content-holder\"><a class=\"button small color2\" href=\"#\">Read More<\/a><\/div>\r\n<\/div>\r\n<\/div>\r\n<\/div>\r\n<div class=\"col-xs-12\">\r\n<div class=\"space-bottom space-top\" data-type=\"column\">\r\n<h5 class=\"\">Project Name<\/h5>\r\n<p class=\"small italic\">Lorem ipsum dolor sit amet, consectetur adipiscing elit, sed do eiusmod tempor incididunt ut labore<\/p>\r\n\r\n<\/div>\r\n<\/div>\r\n<\/div>\r\n<\/div>\r\n<div class=\"col-xs-12 col-sm-4 text-center\">\r\n<div class=\"card no-padding bordered\">\r\n<div data-hover-fx=\"portfolio-6\" class=\"contentswap-effect\">\r\n<div class=\"initial-image\"><img decoding=\"async\" data-size=\"500x333\" src=\"https:\/\/ayansfilter.com\/tr\/wp-content\/plugins\/mesmerize-companion\/theme-data\/mesmerize\/sections\/images\/apple-1838564.jpg\" \/><\/div>\r\n<div class=\"overlay bg-color1\"><\/div>\r\n<div class=\"swap-inner col-xs-12\">\r\n<div class=\"row full-height-row middle-xs middle-sm\">\r\n<div class=\"col-xs-12 text-center content-holder\"><a class=\"button small color2\" href=\"#\">Read More<\/a><\/div>\r\n<\/div>\r\n<\/div>\r\n<\/div>\r\n<div class=\"col-xs-12\">\r\n<div class=\"space-bottom space-top\" data-type=\"column\">\r\n<h5 class=\"\">Project Name<\/h5>\r\n<p class=\"small italic\">Lorem ipsum dolor sit amet, consectetur adipiscing elit, sed do eiusmod tempor incididunt ut labore<\/p>\r\n\r\n<\/div>\r\n<\/div>\r\n<\/div>\r\n<\/div>\r\n<div class=\"col-xs-12 col-sm-4 text-center\">\r\n<div class=\"card no-padding bordered\">\r\n<div data-hover-fx=\"portfolio-6\" class=\"contentswap-effect\">\r\n<div class=\"initial-image\"><img decoding=\"async\" data-size=\"500x333\" src=\"https:\/\/ayansfilter.com\/tr\/wp-content\/plugins\/mesmerize-companion\/theme-data\/mesmerize\/sections\/images\/laptop-2559795.jpg\" \/><\/div>\r\n<div class=\"overlay bg-color1\"><\/div>\r\n<div class=\"swap-inner col-xs-12\">\r\n<div class=\"row full-height-row middle-xs middle-sm\">\r\n<div class=\"col-xs-12 text-center content-holder\"><a class=\"button small color2\" href=\"#\">Read More<\/a><\/div>\r\n<\/div>\r\n<\/div>\r\n<\/div>\r\n<div class=\"col-xs-12\">\r\n<div class=\"space-bottom space-top\" data-type=\"column\">\r\n<h5 class=\"\">Project Name<\/h5>\r\n<p class=\"small italic\">Lorem ipsum dolor sit amet, consectetur adipiscing elit, sed do eiusmod tempor incididunt ut labore<\/p>\r\n\r\n<\/div>\r\n<\/div>\r\n<\/div>\r\n<\/div>\r\n<\/div>\r\n<div class=\"row\">\r\n<div data-type=\"column\" class=\"col-xs-12 text-center\"><\/div>\r\n<\/div>\r\n<\/div>\r\n<\/div>","protected":false},"excerpt":{"rendered":"<p>Hava Filtreleri Kategori A\u00e7\u0131klamalar\u0131 gelecek ! Read More Project Name Lorem ipsum dolor sit amet, consectetur adipiscing elit, sed do eiusmod tempor incididunt ut labore Read More Project Name Lorem ipsum dolor sit amet, consectetur adipiscing elit, sed do eiusmod tempor incididunt ut labore Read More Project Name Lorem ipsum dolor sit amet, consectetur adipiscing&hellip; <br \/> <a class=\"read-more\" href=\"https:\/\/www.ayansfilter.com\/tr\/arac-marka-ve-model-filtre-cesitleri\/alfa-romeo\">Read more<\/a><\/p>\n","protected":false},"author":1,"featured_media":0,"parent":231,"menu_order":0,"comment_status":"closed","ping_status":"closed","template":"pro\/page-templates\/full-width-page.php","meta":{"footnotes":""},"class_list":["post-229","page","type-page","status-publish","hentry"],"_links":{"self":[{"href":"https:\/\/www.ayansfilter.com\/tr\/wp-json\/wp\/v2\/pages\/229","targetHints":{"allow":["GET"]}}],"collection":[{"href":"https:\/\/www.ayansfilter.com\/tr\/wp-json\/wp\/v2\/pages"}],"about":[{"href":"https:\/\/www.ayansfilter.com\/tr\/wp-json\/wp\/v2\/types\/page"}],"author":[{"embeddable":true,"href":"https:\/\/www.ayansfilter.com\/tr\/wp-json\/wp\/v2\/users\/1"}],"replies":[{"embeddable":true,"href":"https:\/\/www.ayansfilter.com\/tr\/wp-json\/wp\/v2\/comments?post=229"}],"version-history":[{"count":4,"href":"https:\/\/www.ayansfilter.com\/tr\/wp-json\/wp\/v2\/pages\/229\/revisions"}],"predecessor-version":[{"id":464,"href":"https:\/\/www.ayansfilter.com\/tr\/wp-json\/wp\/v2\/pages\/229\/revisions\/464"}],"up":[{"embeddable":true,"href":"https:\/\/www.ayansfilter.com\/tr\/wp-json\/wp\/v2\/pages\/231"}],"wp:attachment":[{"href":"https:\/\/www.ayansfilter.com\/tr\/wp-json\/wp\/v2\/media?parent=229"}],"curies":[{"name":"wp","href":"https:\/\/api.w.org\/{rel}","templated":true}]}}