{"id":164,"date":"2025-07-17T11:18:13","date_gmt":"2025-07-17T11:18:13","guid":{"rendered":"https:\/\/ayansfilter.com\/tr\/?page_id=164"},"modified":"2025-08-04T13:01:17","modified_gmt":"2025-08-04T13:01:17","slug":"iletisim","status":"publish","type":"page","link":"https:\/\/www.ayansfilter.com\/tr\/iletisim","title":{"rendered":"\u0130leti\u015fim"},"content":{"rendered":"<div  data-label=\"Contact\" data-id=\"contact--1\" data-export-id=\"contact-5\" data-category=\"contact\" class=\"contact-5 content-section content-section-spacing\" id=\"contact-1\" style=\"background-color: rgb(255, 255, 255); background-image: none;\"><div  class=\"gridContainer\"> <div  class=\"row text-center\"><div  class=\"section-title-col\" data-type=\"column\"> <h2  class=\"\">Bize Kolayl\u0131kla Ula\u015fabilirsiniz<\/h2> <p  class=\"lead\">AYANS F\u0130LTRE \u0130MALAT SAN. \u0130\u00c7 VE DI\u015e T\u0130C.LTD.\u015eT\u0130.<\/p><\/div> <\/div> <div  class=\"row middle-sm\"> <div  class=\"col-xs-12 col-sm-6 image-holder space-bottom-xs\"> <a  data-cp-link=\"1\" href=\"https:\/\/www.google.com\/maps?ll=41.119216%2C28.634547&amp;z=16&amp;t=m&amp;hl=tr&amp;gl=TR&amp;mapclient=embed&amp;cid=7500618265944500599\" target=\"_blank\" class=\"\"><img decoding=\"async\"  src=\"https:\/\/www.ayansfilter.com\/tr\/wp-content\/uploads\/2025\/07\/maps.jpg\"><\/a><\/div> <div  class=\"col-xs-12 col-sm-6\"><div  class=\"row middle-sm\"> <div  data-type=\"column\" class=\"col-xs-12 space-bottom-small\"><h3  class=\"color1\"><span  style=\"color: rgb(32, 31, 37); font-weight: 500;\">Adres ve \u0130leti\u015fim Bilgileri<\/span><\/h3><\/div> <\/div> <div  class=\"row middle-sm\" data-type=\"row\">    <div  class=\"col-xs-12 space-bottom-small\"> <div  class=\"row\"> <div  data-type=\"column\" class=\"col-xs-12 col-sm-fit label-col\"> <h5  class=\"\">Y\u00f6netim Kurulu Ba\u015fkan\u0131:<\/h5><\/div> <div  data-type=\"column\" class=\"col-xs-12 col-sm\"><p  class=\"\"><span  style=\"font-weight: 500;\">Tar\u0131k AYAN&nbsp;<\/span><\/p><\/div> <\/div><\/div><div  class=\"col-xs-12 space-bottom-small\"> <div  class=\"row\"> <div  data-type=\"column\" class=\"col-xs-12 col-sm-fit label-col\"> <h5  class=\"\">Genel M\u00fcd\u00fcr:<\/h5><\/div> <div  data-type=\"column\" class=\"col-xs-12 col-sm\"><p  class=\"\"><span style=\"font-weight: 500;\" >\u00d6mer AYAN<\/span>&nbsp; \/ T : +90 553 060 90 02<\/p><\/div> <\/div><\/div><div  class=\"col-xs-12 space-bottom-small\"> <div  class=\"row\"> <div  data-type=\"column\" class=\"col-xs-12 col-sm-fit label-col\"> <h5  class=\"\">D\u0131\u015f Ticaret M\u00fcd\u00fcr\u00fc:<\/h5><\/div> <div  data-type=\"column\" class=\"col-xs-12 col-sm\"><p  class=\"\"><span style=\"font-weight: 500;\" >Abdul Qader SADDIQI<\/span>&nbsp; \/ T : +90 541 249 60 10<\/p><\/div> <\/div><\/div><div  class=\"col-xs-12 space-bottom-small\"> <div  class=\"row\"> <div  data-type=\"column\" class=\"col-xs-12 col-sm-fit label-col\"> <h5  class=\"\">Pazarlama:<\/h5><\/div> <div  data-type=\"column\" class=\"col-xs-12 col-sm\"><p  class=\"\">ayansfiltrepazarlama@gmail.com\r\n<br >+90 530 342 89 84<\/p><\/div> <\/div><\/div><div  class=\"col-xs-12 space-bottom-small\"> <div  class=\"row\"> <div  data-type=\"column\" class=\"col-xs-12 col-sm-fit label-col\"> <h5  class=\"\">Muhasebe:<\/h5><\/div> <div  data-type=\"column\" class=\"col-xs-12 col-sm\"><p  class=\"\">ayansfiltremuhasebe@gmail.com\r\n<br >+90 543 459 57 66<\/p><\/div> <\/div><\/div><div  class=\"col-xs-12 space-bottom-small\"> <div  class=\"row\"> <div  data-type=\"column\" class=\"col-xs-12 col-sm-fit label-col\"> <h5  class=\"\">Sat\u0131n Alma:<\/h5><\/div> <div  data-type=\"column\" class=\"col-xs-12 col-sm\"><p  class=\"\">ayansfiltresatinalma@gmail.com\r\n<br >+90 212 861 00 86<\/p><\/div> <\/div><\/div><div  class=\"col-xs-12 space-bottom-small\"> <div  class=\"row\"> <div  data-type=\"column\" class=\"col-xs-12 col-sm-fit label-col\"> <h5  class=\"\">Adres:<\/h5><\/div> <div  data-type=\"column\" class=\"col-xs-12 col-sm\"><p  class=\"\">\u00d6merli Mahallesi, Ilgaz Sokak No:15\/3 Arnavutk\u00f6y \/ \u0130STANBUL<\/p><\/div> <\/div><\/div><div  class=\"col-xs-12 space-bottom-small\"> <div  class=\"row\"> <div  data-type=\"column\" class=\"col-xs-12 col-sm-fit label-col\"> <h5  class=\"\">Tel:<\/h5><\/div> <div  data-type=\"column\" class=\"col-xs-12 col-sm\"><p  class=\"\">+90 212 861 00 86 ( Genel )<\/p><\/div> <\/div><\/div><div  class=\"col-xs-12 space-bottom-small\"> <div  class=\"row\"> <div  data-type=\"column\" class=\"col-xs-12 col-sm-fit label-col\"> <h5  class=\"\">Email:<\/h5><\/div> <div  data-type=\"column\" class=\"col-xs-12 col-sm\"><p  class=\"\"><a data-mce-href=\"mailto:info@ayansfilter.com\" href=\"mailto:info@ayansfilter.com\" target=\"_self\" data-mce-selected=\"inline-boundary\"  data-cp-link=\"1\">info@ayansfilter.com<\/a><\/p><\/div> <\/div><\/div><\/div> <\/div><\/div> <\/div><\/div>","protected":false},"excerpt":{"rendered":"<p>Bize Kolayl\u0131kla Ula\u015fabilirsiniz AYANS F\u0130LTRE \u0130MALAT SAN. \u0130\u00c7 VE DI\u015e T\u0130C.LTD.\u015eT\u0130. Adres ve \u0130leti\u015fim Bilgileri Y\u00f6netim Kurulu Ba\u015fkan\u0131: Tar\u0131k AYAN&nbsp; Genel M\u00fcd\u00fcr: \u00d6mer AYAN&nbsp; \/ T : +90 553 060 90 02 D\u0131\u015f Ticaret M\u00fcd\u00fcr\u00fc: Abdul Qader SADDIQI&nbsp; \/ T : +90 541 249 60 10 Pazarlama: ayansfiltrepazarlama@gmail.com +90 530 342 89 84 Muhasebe: ayansfiltremuhasebe@gmail.com&hellip; <br \/> <a class=\"read-more\" href=\"https:\/\/www.ayansfilter.com\/tr\/iletisim\">Read more<\/a><\/p>\n","protected":false},"author":1,"featured_media":0,"parent":0,"menu_order":0,"comment_status":"closed","ping_status":"closed","template":"pro\/page-templates\/full-width-page.php","meta":{"footnotes":""},"class_list":["post-164","page","type-page","status-publish","hentry"],"_links":{"self":[{"href":"https:\/\/www.ayansfilter.com\/tr\/wp-json\/wp\/v2\/pages\/164","targetHints":{"allow":["GET"]}}],"collection":[{"href":"https:\/\/www.ayansfilter.com\/tr\/wp-json\/wp\/v2\/pages"}],"about":[{"href":"https:\/\/www.ayansfilter.com\/tr\/wp-json\/wp\/v2\/types\/page"}],"author":[{"embeddable":true,"href":"https:\/\/www.ayansfilter.com\/tr\/wp-json\/wp\/v2\/users\/1"}],"replies":[{"embeddable":true,"href":"https:\/\/www.ayansfilter.com\/tr\/wp-json\/wp\/v2\/comments?post=164"}],"version-history":[{"count":12,"href":"https:\/\/www.ayansfilter.com\/tr\/wp-json\/wp\/v2\/pages\/164\/revisions"}],"predecessor-version":[{"id":500,"href":"https:\/\/www.ayansfilter.com\/tr\/wp-json\/wp\/v2\/pages\/164\/revisions\/500"}],"wp:attachment":[{"href":"https:\/\/www.ayansfilter.com\/tr\/wp-json\/wp\/v2\/media?parent=164"}],"curies":[{"name":"wp","href":"https:\/\/api.w.org\/{rel}","templated":true}]}}