{"id":148,"date":"2025-07-17T11:14:14","date_gmt":"2025-07-17T11:14:14","guid":{"rendered":"https:\/\/ayansfilter.com\/tr\/?page_id=148"},"modified":"2026-01-14T04:05:07","modified_gmt":"2026-01-14T04:05:07","slug":"hakkimizda","status":"publish","type":"page","link":"https:\/\/www.ayansfilter.com\/tr\/hakkimizda","title":{"rendered":"Hakk\u0131m\u0131zda"},"content":{"rendered":"<p>Otomotiv sekt\u00f6r\u00fc ba\u015fta olmak \u00fczere di\u011fer end\u00fcstriyel sekt\u00f6rlere de filtre \u00fcretimi konusunda hizmet vermekteyiz. Ve \u00fcretti\u011fimiz \u00fcr\u00fcnleri yurti\u00e7inde ve yurtd\u0131\u015f\u0131nda pazarlayarak, T\u00fcrkiye\u2019de Kalite, G\u00fcven ve geni\u015f \u00fcretim kapasitemiz ile filtre pazar\u0131nda yeralmaktay\u0131z.<\/p>\n<p>Siz  de\u011ferli i\u015f ortaklar\u0131m\u0131za, \u00e7e\u015fitli ve kaliteli \u00fcr\u00fcn portf\u00f6y\u00fcm\u00fcz, zaman\u0131nda teslimat ve m\u00fc\u015fteri memnuniyetinden \u00f6d\u00fcn vermeden d\u00fcr\u00fcst, sorumluluk sahibi ve alan\u0131nda uzman \u00e7al\u0131\u015fanlar\u0131m\u0131zla y\u0131llard\u0131r s\u00fcrd\u00fcrd\u00fc\u011f\u00fcm\u00fcz \u00fcretim faaliyetlerimiz AYAN\u2019s FILTER g\u00fcvenilen ve tercih edilen filtre markalar\u0131ndan birisi olmas\u0131n\u0131 sa\u011flam\u0131\u015ft\u0131r.<\/p>\n<p>Son teknoloji \u00fcretim makinelerini kulland\u0131\u011f\u0131m\u0131z tesisimiz de \u2018\u2019Hava filtreleri, Ya\u011f filtreleri, Mazot filtreleri, ve her \u00e7e\u015fit \u00f6zel filtre imalat\u0131 ger\u00e7ekle\u015ftirmekteyiz. \u0130malat band\u0131m\u0131z da kulland\u0131\u011f\u0131m\u0131z hammaddeler birinci s\u0131n\u0131f olup, b\u00fct\u00fcn kalite testlerinden ge\u00e7irilerek y\u00fcksek \u00fcr\u00fcn kalitesi elde ederek \u00fcretime al\u0131nmaktad\u0131r.<\/p>\n<p>Zaman\u0131nda \u00fcr\u00fcn teslimat\u0131 ve m\u00fc\u015fteri memnuniyetine verdi\u011fimiz \u00f6nem ile Y\u00fcksek \u00fcr\u00fcn kalite standard\u0131n da \u00fcr\u00fcnlerimiz AYAN\u2019s FILTER Marka ad\u0131m\u0131z ile siz de\u011ferli i\u015f ortaklar\u0131m\u0131za sunulmaktad\u0131r..<\/p>\n","protected":false},"excerpt":{"rendered":"<p>Otomotiv sekt\u00f6r\u00fc ba\u015fta olmak \u00fczere di\u011fer end\u00fcstriyel sekt\u00f6rlere de filtre \u00fcretimi konusunda hizmet vermekteyiz. Ve \u00fcretti\u011fimiz \u00fcr\u00fcnleri yurti\u00e7inde ve yurtd\u0131\u015f\u0131nda pazarlayarak, T\u00fcrkiye\u2019de Kalite, G\u00fcven ve geni\u015f \u00fcretim kapasitemiz ile filtre pazar\u0131nda yeralmaktay\u0131z. Siz de\u011ferli i\u015f ortaklar\u0131m\u0131za, \u00e7e\u015fitli ve kaliteli \u00fcr\u00fcn portf\u00f6y\u00fcm\u00fcz, zaman\u0131nda teslimat ve m\u00fc\u015fteri memnuniyetinden \u00f6d\u00fcn vermeden d\u00fcr\u00fcst, sorumluluk sahibi ve alan\u0131nda uzman \u00e7al\u0131\u015fanlar\u0131m\u0131zla&hellip; <br \/> <a class=\"read-more\" href=\"https:\/\/www.ayansfilter.com\/tr\/hakkimizda\">Read more<\/a><\/p>\n","protected":false},"author":1,"featured_media":0,"parent":0,"menu_order":0,"comment_status":"closed","ping_status":"closed","template":"","meta":{"footnotes":""},"class_list":["post-148","page","type-page","status-publish","hentry"],"_links":{"self":[{"href":"https:\/\/www.ayansfilter.com\/tr\/wp-json\/wp\/v2\/pages\/148","targetHints":{"allow":["GET"]}}],"collection":[{"href":"https:\/\/www.ayansfilter.com\/tr\/wp-json\/wp\/v2\/pages"}],"about":[{"href":"https:\/\/www.ayansfilter.com\/tr\/wp-json\/wp\/v2\/types\/page"}],"author":[{"embeddable":true,"href":"https:\/\/www.ayansfilter.com\/tr\/wp-json\/wp\/v2\/users\/1"}],"replies":[{"embeddable":true,"href":"https:\/\/www.ayansfilter.com\/tr\/wp-json\/wp\/v2\/comments?post=148"}],"version-history":[{"count":4,"href":"https:\/\/www.ayansfilter.com\/tr\/wp-json\/wp\/v2\/pages\/148\/revisions"}],"predecessor-version":[{"id":205,"href":"https:\/\/www.ayansfilter.com\/tr\/wp-json\/wp\/v2\/pages\/148\/revisions\/205"}],"wp:attachment":[{"href":"https:\/\/www.ayansfilter.com\/tr\/wp-json\/wp\/v2\/media?parent=148"}],"curies":[{"name":"wp","href":"https:\/\/api.w.org\/{rel}","templated":true}]}}